{"id":1057,"date":"2023-05-11T07:03:43","date_gmt":"2023-05-11T04:03:43","guid":{"rendered":"https:\/\/www.ingeno.com.tr\/?page_id=1057"},"modified":"2023-10-12T08:56:48","modified_gmt":"2023-10-12T05:56:48","slug":"tip-degisiklik","status":"publish","type":"page","link":"https:\/\/www.ingeno.com.tr\/en\/tip-degisiklik\/","title":{"rendered":"Regulatory Affairs Services"},"content":{"rendered":"<p>[vc_row][vc_column][vc_empty_space height=&#8221;25px&#8221;]<h1 class='heading-left  divider-sm' ><span>Preparation of Type Variation (Type IA, Type IB, Type II Variation) Dossiers<\/span><\/h1>[vc_column_text]<\/p>\n<h3>Our expert team shall prepare the Type Variation Dossiers in accordance with current regulations and guidelines, and then submit such applications<\/h3>\n<p><strong>\u2022<\/strong> Determining missing documents\/requirements of type variation dossiers (Gap Analysis))<br \/>\n<strong>\u2022<\/strong> Determining variation type according to the guidelines<br \/>\n<strong>\u2022<\/strong> Translation of the modules affected by the variation<br \/>\n<strong>\u2022<\/strong> Preparation of the variation dossier in accordance with guideline requirements<br \/>\n<strong>\u2022<\/strong> Submission of electronic applications (upon request of the company)[\/vc_column_text][vc_empty_space height=&#8221;50px&#8221;][\/vc_column][\/vc_row][vc_row][vc_column]\n\t\t\t<!-- START footer REVOLUTION SLIDER 6.5.19 --><p class=\"rs-p-wp-fix\"><\/p>\n\t\t\t<rs-module-wrap id=\"rev_slider_7_2_wrapper\" data-source=\"gallery\" style=\"visibility:hidden;background:#E9E9E9;padding:0;margin:0px auto;margin-top:0;margin-bottom:0;\">\n\t\t\t\t<rs-module id=\"rev_slider_7_2\" style=\"\" data-version=\"6.5.19\">\n\t\t\t\t\t<rs-slides>\n\t\t\t\t\t\t<rs-slide style=\"position: absolute;\" data-key=\"rs-9\" data-title=\"Slide\" data-anim=\"ms:10;\" data-in=\"o:1;\" data-out=\"a:false;\">\n\t\t\t\t\t\t\t<img decoding=\"async\" src=\"\/\/www.ingeno.com.tr\/wp-content\/plugins\/revslider\/public\/assets\/assets\/dummy.png\" alt=\"Slide\" title=\"Regulatory Affairs Services\" class=\"rev-slidebg tp-rs-img rs-lazyload\" data-lazyload=\"\/\/www.ingeno.com.tr\/wp-content\/plugins\/revslider\/public\/assets\/assets\/transparent.png\" data-bg=\"p:center top;c:#eaeaea;\" data-no-retina>\n<!--\n\t\t\t\t\t\t\t--><rs-layer\n\t\t\t\t\t\t\t\tid=\"slider-7-slide-9-layer-1\" \n\t\t\t\t\t\t\t\tdata-type=\"text\"\n\t\t\t\t\t\t\t\tdata-color=\"#3a3a3a\"\n\t\t\t\t\t\t\t\tdata-rsp_ch=\"on\"\n\t\t\t\t\t\t\t\tdata-xy=\"x:r,r,r,c;xo:195px,99px,75px,210px;yo:96px,49px,37px,112px;\"\n\t\t\t\t\t\t\t\tdata-text=\"w:normal;s:18,9,6,12;l:29,14,10,17;a:right;\"\n\t\t\t\t\t\t\t\tdata-dim=\"w:243px,124px,94px,169px;\"\n\t\t\t\t\t\t\t\tdata-vbility=\"t,t,t,f\"\n\t\t\t\t\t\t\t\tdata-frame_999=\"o:0;st:w;\"\n\t\t\t\t\t\t\t\tstyle=\"z-index:11;font-family:'Poppins';\"\n\t\t\t\t\t\t\t>Ofis: +90 216 266 76 91 \n\t\t\t\t\t\t\t<\/rs-layer><!--\n\n\t\t\t\t\t\t\t--><rs-layer\n\t\t\t\t\t\t\t\tid=\"slider-7-slide-9-layer-2\" \n\t\t\t\t\t\t\t\tdata-type=\"object\"\n\t\t\t\t\t\t\t\tdata-rsp_ch=\"on\"\n\t\t\t\t\t\t\t\tdata-xy=\"xo:50px,25px,18px,11px;yo:50px,25px,18px,11px;\"\n\t\t\t\t\t\t\t\tdata-text=\"w:normal;s:20,10,7,4;l:0,12,9,6;\"\n\t\t\t\t\t\t\t\tdata-frame_999=\"o:0;st:w;\"\n\t\t\t\t\t\t\t\tstyle=\"z-index:17;font-family:'Roboto';\"\n\t\t\t\t\t\t\t> \n\t\t\t\t\t\t\t<\/rs-layer><!--\n\n\t\t\t\t\t\t\t--><rs-layer\n\t\t\t\t\t\t\t\tid=\"slider-7-slide-9-layer-3\" \n\t\t\t\t\t\t\t\tdata-type=\"text\"\n\t\t\t\t\t\t\t\tdata-color=\"#3a3a3a\"\n\t\t\t\t\t\t\t\tdata-rsp_ch=\"on\"\n\t\t\t\t\t\t\t\tdata-xy=\"x:r,r,r,c;xo:196px,100px,75px,0;yo:163px,83px,63px,213px;\"\n\t\t\t\t\t\t\t\tdata-text=\"w:normal;s:18,9,6,12;l:29,14,10,15;a:right,right,right,center;\"\n\t\t\t\t\t\t\t\tdata-dim=\"w:623px,318px,241px,247px;\"\n\t\t\t\t\t\t\t\tdata-vbility=\"f,f,f,t\"\n\t\t\t\t\t\t\t\tdata-frame_999=\"o:0;st:w;\"\n\t\t\t\t\t\t\t\tstyle=\"z-index:8;font-family:'Poppins';\"\n\t\t\t\t\t\t\t>\u0130\u00e7erenk\u00f6y Mah. Umut Sok. No:10-12<br \/>\nQuick Tower Kat:12 Ata\u015fehir \u2013 \u0130stanbul \n\t\t\t\t\t\t\t<\/rs-layer><!--\n\n\t\t\t\t\t\t\t--><rs-layer\n\t\t\t\t\t\t\t\tid=\"slider-7-slide-9-layer-4\" \n\t\t\t\t\t\t\t\tdata-type=\"text\"\n\t\t\t\t\t\t\t\tdata-color=\"#3a3a3a\"\n\t\t\t\t\t\t\t\tdata-rsp_ch=\"on\"\n\t\t\t\t\t\t\t\tdata-xy=\"x:r,r,r,c;xo:193px,98px,74px,-10px;yo:129px,66px,50px,189px;\"\n\t\t\t\t\t\t\t\tdata-text=\"s:18,9,6,12;l:29,14,10,16;\"\n\t\t\t\t\t\t\t\tdata-dim=\"w:225px,115px,87px,151px;\"\n\t\t\t\t\t\t\t\tdata-vbility=\"f,f,f,t\"\n\t\t\t\t\t\t\t\tdata-frame_999=\"o:0;st:w;\"\n\t\t\t\t\t\t\t\tstyle=\"z-index:9;font-family:'Poppins';\"\n\t\t\t\t\t\t\t>Mail: info@ingeno.com.tr \n\t\t\t\t\t\t\t<\/rs-layer><!--\n\n\t\t\t\t\t\t\t--><rs-layer\n\t\t\t\t\t\t\t\tid=\"slider-7-slide-9-layer-5\" \n\t\t\t\t\t\t\t\tdata-type=\"text\"\n\t\t\t\t\t\t\t\tdata-color=\"#3a3a3a\"\n\t\t\t\t\t\t\t\tdata-rsp_ch=\"on\"\n\t\t\t\t\t\t\t\tdata-xy=\"x:r,r,r,c;xo:435px,222px,168px,0;yo:66px,33px,25px,151px;\"\n\t\t\t\t\t\t\t\tdata-text=\"w:normal;s:18,9,6,12;l:29,14,10,17;a:right,right,right,left;\"\n\t\t\t\t\t\t\t\tdata-dim=\"w:257px,131px,99px,169px;\"\n\t\t\t\t\t\t\t\tdata-vbility=\"f,f,f,t\"\n\t\t\t\t\t\t\t\tdata-frame_999=\"o:0;st:w;\"\n\t\t\t\t\t\t\t\tstyle=\"z-index:11;font-family:'Poppins';\"\n\t\t\t\t\t\t\t>Mobil: +90 542 598 06 26\nOfis: +90 216 266 76 91 \n\t\t\t\t\t\t\t<\/rs-layer><!--\n\n\t\t\t\t\t\t\t--><rs-layer\n\t\t\t\t\t\t\t\tid=\"slider-7-slide-9-layer-8\" \n\t\t\t\t\t\t\t\tdata-type=\"text\"\n\t\t\t\t\t\t\t\tdata-color=\"#3a3a3a\"\n\t\t\t\t\t\t\t\tdata-rsp_ch=\"on\"\n\t\t\t\t\t\t\t\tdata-xy=\"x:r,r,r,c;xo:195px,99px,75px,210px;yo:65px,33px,25px,112px;\"\n\t\t\t\t\t\t\t\tdata-text=\"w:normal;s:18,9,6,12;l:29,14,10,17;a:right;\"\n\t\t\t\t\t\t\t\tdata-dim=\"w:242px,123px,93px,169px;\"\n\t\t\t\t\t\t\t\tdata-vbility=\"t,t,t,f\"\n\t\t\t\t\t\t\t\tdata-frame_999=\"o:0;st:w;\"\n\t\t\t\t\t\t\t\tstyle=\"z-index:11;font-family:'Poppins';\"\n\t\t\t\t\t\t\t>Mobil: +90 542 598 06 26\n \n\t\t\t\t\t\t\t<\/rs-layer><!--\n\n\t\t\t\t\t\t\t--><rs-layer\n\t\t\t\t\t\t\t\tid=\"slider-7-slide-9-layer-17\" \n\t\t\t\t\t\t\t\tdata-type=\"text\"\n\t\t\t\t\t\t\t\tdata-color=\"#3a3a3a\"\n\t\t\t\t\t\t\t\tdata-rsp_ch=\"on\"\n\t\t\t\t\t\t\t\tdata-xy=\"x:l,l,l,c;xo:222px,113px,85px,0;yo:183px,93px,70px,88px;\"\n\t\t\t\t\t\t\t\tdata-text=\"w:normal;s:18,9,6,14;l:29,14,10,21;\"\n\t\t\t\t\t\t\t\tdata-dim=\"w:338px,173px,131px,244px;\"\n\t\t\t\t\t\t\t\tdata-frame_999=\"o:0;st:w;\"\n\t\t\t\t\t\t\t\tstyle=\"z-index:10;font-family:'Poppins';\"\n\t\t\t\t\t\t\t>\u00a9 Ingeno Consulting & Translation \n\t\t\t\t\t\t\t<\/rs-layer><!--\n\n\t\t\t\t\t\t\t--><rs-layer\n\t\t\t\t\t\t\t\tid=\"slider-7-slide-9-layer-24\" \n\t\t\t\t\t\t\t\tdata-type=\"text\"\n\t\t\t\t\t\t\t\tdata-color=\"#3a3a3a\"\n\t\t\t\t\t\t\t\tdata-rsp_ch=\"on\"\n\t\t\t\t\t\t\t\tdata-xy=\"x:r,r,r,c;xo:196px,100px,75px,210px;yo:163px,83px,63px,174px;\"\n\t\t\t\t\t\t\t\tdata-text=\"w:normal;s:18,9,6,12;l:29,14,10,15;a:right,right,right,center;\"\n\t\t\t\t\t\t\t\tdata-dim=\"w:623px,318px,241px,247px;\"\n\t\t\t\t\t\t\t\tdata-vbility=\"t,t,t,f\"\n\t\t\t\t\t\t\t\tdata-frame_999=\"o:0;st:w;\"\n\t\t\t\t\t\t\t\tstyle=\"z-index:8;font-family:'Poppins';\"\n\t\t\t\t\t\t\t>\u0130\u00e7erenk\u00f6y Mah. Umut Sok. No:10-12<br \/>\nQuick Tower Kat:12 Ata\u015fehir \u2013 \u0130stanbul \n\t\t\t\t\t\t\t<\/rs-layer><!--\n\n\t\t\t\t\t\t\t--><rs-layer\n\t\t\t\t\t\t\t\tid=\"slider-7-slide-9-layer-27\" \n\t\t\t\t\t\t\t\tdata-type=\"image\"\n\t\t\t\t\t\t\t\tdata-rsp_ch=\"on\"\n\t\t\t\t\t\t\t\tdata-xy=\"xo:262px,134px,101px,249px;yo:126px,64px,48px,48px;\"\n\t\t\t\t\t\t\t\tdata-text=\"w:normal;s:20,10,7,4;l:0,12,9,6;\"\n\t\t\t\t\t\t\t\tdata-dim=\"w:27.9937px,13px,9px,25px;h:27px,13px,9px,25px;\"\n\t\t\t\t\t\t\t\tdata-frame_999=\"o:0;st:w;\"\n\t\t\t\t\t\t\t\tstyle=\"z-index:13;\"\n\t\t\t\t\t\t\t><img loading=\"lazy\" decoding=\"async\" src=\"\/\/www.ingeno.com.tr\/wp-content\/plugins\/revslider\/public\/assets\/assets\/dummy.png\" alt=\"\" class=\"tp-rs-img rs-lazyload\" width=\"512\" height=\"512\" data-lazyload=\"\/\/www.ingeno.com.tr\/wp-content\/uploads\/2023\/06\/linkedin-1.png\" data-no-retina> \n\t\t\t\t\t\t\t<\/rs-layer><!--\n\n\t\t\t\t\t\t\t--><rs-layer\n\t\t\t\t\t\t\t\tid=\"slider-7-slide-9-layer-28\" \n\t\t\t\t\t\t\t\tdata-type=\"image\"\n\t\t\t\t\t\t\t\tdata-rsp_ch=\"on\"\n\t\t\t\t\t\t\t\tdata-xy=\"x:l,l,l,c;xo:220px,112px,85px,-20px;yo:126px,64px,48px,50px;\"\n\t\t\t\t\t\t\t\tdata-text=\"w:normal;s:20,10,7,4;l:0,12,9,6;\"\n\t\t\t\t\t\t\t\tdata-dim=\"w:27.9937px,13px,9px,25px;h:27px,13px,9px,25px;\"\n\t\t\t\t\t\t\t\tdata-frame_999=\"o:0;st:w;\"\n\t\t\t\t\t\t\t\tstyle=\"z-index:12;\"\n\t\t\t\t\t\t\t><img loading=\"lazy\" decoding=\"async\" src=\"\/\/www.ingeno.com.tr\/wp-content\/plugins\/revslider\/public\/assets\/assets\/dummy.png\" alt=\"\" class=\"tp-rs-img rs-lazyload\" width=\"512\" height=\"512\" data-lazyload=\"\/\/www.ingeno.com.tr\/wp-content\/uploads\/2023\/06\/twitter-1.png\" data-no-retina> \n\t\t\t\t\t\t\t<\/rs-layer><!--\n\n\t\t\t\t\t\t\t--><rs-layer\n\t\t\t\t\t\t\t\tid=\"slider-7-slide-9-layer-29\" \n\t\t\t\t\t\t\t\tdata-type=\"text\"\n\t\t\t\t\t\t\t\tdata-color=\"#3a3a3a\"\n\t\t\t\t\t\t\t\tdata-rsp_ch=\"on\"\n\t\t\t\t\t\t\t\tdata-xy=\"x:r,r,r,c;xo:193px,98px,74px,210px;yo:129px,66px,50px,150px;\"\n\t\t\t\t\t\t\t\tdata-text=\"s:18,9,6,12;l:29,14,10,16;\"\n\t\t\t\t\t\t\t\tdata-dim=\"w:227px,116px,88px,151px;\"\n\t\t\t\t\t\t\t\tdata-vbility=\"t,t,t,f\"\n\t\t\t\t\t\t\t\tdata-frame_999=\"o:0;st:w;\"\n\t\t\t\t\t\t\t\tstyle=\"z-index:9;font-family:'Poppins';\"\n\t\t\t\t\t\t\t>Mail: info@ingeno.com.tr \n\t\t\t\t\t\t\t<\/rs-layer><!--\n-->\t\t\t\t\t\t<\/rs-slide>\n\t\t\t\t\t<\/rs-slides>\n\t\t\t\t<\/rs-module>\n\t\t\t\t<script>\n\t\t\t\t\tsetREVStartSize({c: 'rev_slider_7_2',rl:[1240,1024,778,480],el:[300,450,500,300],gw:[2000,1024,778,480],gh:[300,450,500,300],type:'hero',justify:'',layout:'fullwidth',mh:\"550\"});if (window.RS_MODULES!==undefined && window.RS_MODULES.modules!==undefined && window.RS_MODULES.modules[\"revslider72\"]!==undefined) {window.RS_MODULES.modules[\"revslider72\"].once = false;window.revapi7_2 = undefined;if (window.RS_MODULES.checkMinimal!==undefined) window.RS_MODULES.checkMinimal()}\n\t\t\t\t<\/script>\n\t\t\t<\/rs-module-wrap>\n\t\t\t<!-- END REVOLUTION SLIDER -->\n[\/vc_column][\/vc_row]<\/p>","protected":false},"excerpt":{"rendered":"<p>[vc_row][vc_column][vc_empty_space height=&#8221;25px&#8221;][vc_column_text] Our expert team shall prepare the Type Variation Dossiers in accordance with current regulations and guidelines, and then submit such applications \u2022 Determining missing documents\/requirements of type variation dossiers (Gap Analysis)) \u2022 Determining variation type according to the&#8230;<\/p>\n","protected":false},"author":1,"featured_media":0,"parent":0,"menu_order":0,"comment_status":"closed","ping_status":"closed","template":"","meta":{"footnotes":""},"class_list":["post-1057","page","type-page","status-publish","hentry"],"_links":{"self":[{"href":"https:\/\/www.ingeno.com.tr\/en\/wp-json\/wp\/v2\/pages\/1057","targetHints":{"allow":["GET"]}}],"collection":[{"href":"https:\/\/www.ingeno.com.tr\/en\/wp-json\/wp\/v2\/pages"}],"about":[{"href":"https:\/\/www.ingeno.com.tr\/en\/wp-json\/wp\/v2\/types\/page"}],"author":[{"embeddable":true,"href":"https:\/\/www.ingeno.com.tr\/en\/wp-json\/wp\/v2\/users\/1"}],"replies":[{"embeddable":true,"href":"https:\/\/www.ingeno.com.tr\/en\/wp-json\/wp\/v2\/comments?post=1057"}],"version-history":[{"count":11,"href":"https:\/\/www.ingeno.com.tr\/en\/wp-json\/wp\/v2\/pages\/1057\/revisions"}],"predecessor-version":[{"id":1286,"href":"https:\/\/www.ingeno.com.tr\/en\/wp-json\/wp\/v2\/pages\/1057\/revisions\/1286"}],"wp:attachment":[{"href":"https:\/\/www.ingeno.com.tr\/en\/wp-json\/wp\/v2\/media?parent=1057"}],"curies":[{"name":"wp","href":"https:\/\/api.w.org\/{rel}","templated":true}]}}